{"id":15,"date":"2021-02-13T18:32:11","date_gmt":"2021-02-13T21:32:11","guid":{"rendered":"https:\/\/vaitempero.com\/?page_id=15"},"modified":"2024-07-03T19:00:13","modified_gmt":"2024-07-03T22:00:13","slug":"links","status":"publish","type":"page","link":"https:\/\/vaitempero.com\/?page_id=15","title":{"rendered":"Sobre o Vai Tempero"},"content":{"rendered":"\n<figure class=\"wp-block-image alignright size-large is-resized\"><img data-recalc-dims=\"1\" loading=\"lazy\" decoding=\"async\" width=\"500\" height=\"500\" src=\"https:\/\/i0.wp.com\/vaitempero.com\/wp-content\/uploads\/2021\/02\/logo2.png?resize=500%2C500&#038;ssl=1\" alt=\"\" class=\"wp-image-10\" style=\"width:113px;height:113px\" srcset=\"https:\/\/i0.wp.com\/vaitempero.com\/wp-content\/uploads\/2021\/02\/logo2.png?w=500&amp;ssl=1 500w, https:\/\/i0.wp.com\/vaitempero.com\/wp-content\/uploads\/2021\/02\/logo2.png?resize=300%2C300&amp;ssl=1 300w, https:\/\/i0.wp.com\/vaitempero.com\/wp-content\/uploads\/2021\/02\/logo2.png?resize=150%2C150&amp;ssl=1 150w\" sizes=\"auto, (max-width: 500px) 100vw, 500px\" \/><\/figure>\n\n\n\n<p>Prepara\u00e7\u00f5es caseiras e sem complica\u00e7\u00f5es de v\u00e1rios pratos, que podem incluir personaliza\u00e7\u00f5es. Vai Tempero!<br>V\u00eddeos novos toda segunda.<\/p>\n\n\n\n<h2 class=\"wp-block-heading\">Links do Vai Tempero<\/h2>\n\n\n\n<p><a data-type=\"URL\" data-id=\"https:\/\/www.youtube.com\/channel\/UCYn380VKZMPDvBe-iE1Hqjw\" href=\"https:\/\/www.youtube.com\/channel\/UCYn380VKZMPDvBe-iE1Hqjw\" target=\"_blank\" rel=\"noreferrer noopener\">Canal do Youtube<\/a> onde publico as receitas do Vai Tempero. Acessem, se inscrevam, ativem o sininho e fa\u00e7am coment\u00e1rios.<\/p>\n\n\n\n<p><a href=\"https:\/\/www.facebook.com\/VaiTempero\" target=\"_blank\" rel=\"noreferrer noopener\">P\u00e1gina do Facebook<\/a> do Vai Tempero<\/p>\n\n\n\n<p><a href=\"https:\/\/www.instagram.com\/buenoedson\/\" target=\"_blank\" rel=\"noreferrer noopener\">Instagram<\/a> com fotos e v\u00eddeos curtos<\/p>\n\n\n\n<p><a href=\"https:\/\/vaitempero.com\/?cat=19\">Receitas <\/a>nesse site.<\/p>\n\n\n\n<hr class=\"wp-block-separator has-css-opacity\"\/>\n\n\n\n<h2 class=\"wp-block-heading\">Outros projetos<\/h2>\n\n\n\n<figure class=\"wp-block-image alignleft size-large is-resized\"><img data-recalc-dims=\"1\" loading=\"lazy\" decoding=\"async\" width=\"250\" height=\"250\" src=\"https:\/\/i0.wp.com\/vaitempero.com\/wp-content\/uploads\/2021\/02\/LogoQ250.png?resize=250%2C250&#038;ssl=1\" alt=\"\" class=\"wp-image-90\" style=\"width:156px;height:156px\" srcset=\"https:\/\/i0.wp.com\/vaitempero.com\/wp-content\/uploads\/2021\/02\/LogoQ250.png?w=250&amp;ssl=1 250w, https:\/\/i0.wp.com\/vaitempero.com\/wp-content\/uploads\/2021\/02\/LogoQ250.png?resize=150%2C150&amp;ssl=1 150w\" sizes=\"auto, (max-width: 250px) 100vw, 250px\" \/><\/figure>\n\n\n\n<p><a href=\"https:\/\/issoexiste.com\/\" target=\"_blank\" rel=\"noreferrer noopener\">Site Isso Existe?!<\/a> &#8211; Participo desse blog de not\u00edcias e podcasts.<\/p>\n\n\n\n<p><a href=\"https:\/\/www.youtube.com\/@IssoExistePodcast_\" target=\"_blank\" rel=\"noopener\" title=\"\">Youtube do Isso Existe?!<\/a> &#8211; Podcasts ao vivo e v\u00eddeos interessantes.<\/p>\n","protected":false},"excerpt":{"rendered":"<p>Prepara\u00e7\u00f5es caseiras e sem complica\u00e7\u00f5es de v\u00e1rios pratos, que podem incluir personaliza\u00e7\u00f5es. Vai Tempero!V\u00eddeos novos toda segunda. Links do Vai Tempero Canal do Youtube onde publico as receitas do Vai Tempero. Acessem, se inscrevam, ativem o sininho e fa\u00e7am coment\u00e1rios. P\u00e1gina do Facebook do Vai Tempero Instagram com fotos e v\u00eddeos curtos Receitas nesse site. [&hellip;]<\/p>\n","protected":false},"author":1,"featured_media":0,"parent":0,"menu_order":0,"comment_status":"closed","ping_status":"closed","template":"","meta":{"site-sidebar-layout":"default","site-content-layout":"default","ast-site-content-layout":"default","site-content-style":"default","site-sidebar-style":"default","ast-global-header-display":"","ast-banner-title-visibility":"","ast-main-header-display":"","ast-hfb-above-header-display":"","ast-hfb-below-header-display":"","ast-hfb-mobile-header-display":"","site-post-title":"","ast-breadcrumbs-content":"","ast-featured-img":"","footer-sml-layout":"","theme-transparent-header-meta":"default","adv-header-id-meta":"","stick-header-meta":"","header-above-stick-meta":"","header-main-stick-meta":"","header-below-stick-meta":"","astra-migrate-meta-layouts":"set","ast-page-background-enabled":"default","ast-page-background-meta":{"desktop":{"background-color":"","background-image":"","background-repeat":"repeat","background-position":"center center","background-size":"auto","background-attachment":"scroll","background-type":"","background-media":"","overlay-type":"","overlay-color":"","overlay-opacity":"","overlay-gradient":""},"tablet":{"background-color":"","background-image":"","background-repeat":"repeat","background-position":"center center","background-size":"auto","background-attachment":"scroll","background-type":"","background-media":"","overlay-type":"","overlay-color":"","overlay-opacity":"","overlay-gradient":""},"mobile":{"background-color":"","background-image":"","background-repeat":"repeat","background-position":"center center","background-size":"auto","background-attachment":"scroll","background-type":"","background-media":"","overlay-type":"","overlay-color":"","overlay-opacity":"","overlay-gradient":""}},"ast-content-background-meta":{"desktop":{"background-color":"var(--ast-global-color-5)","background-image":"","background-repeat":"repeat","background-position":"center center","background-size":"auto","background-attachment":"scroll","background-type":"","background-media":"","overlay-type":"","overlay-color":"","overlay-opacity":"","overlay-gradient":""},"tablet":{"background-color":"var(--ast-global-color-5)","background-image":"","background-repeat":"repeat","background-position":"center center","background-size":"auto","background-attachment":"scroll","background-type":"","background-media":"","overlay-type":"","overlay-color":"","overlay-opacity":"","overlay-gradient":""},"mobile":{"background-color":"var(--ast-global-color-5)","background-image":"","background-repeat":"repeat","background-position":"center center","background-size":"auto","background-attachment":"scroll","background-type":"","background-media":"","overlay-type":"","overlay-color":"","overlay-opacity":"","overlay-gradient":""}},"footnotes":""},"class_list":["post-15","page","type-page","status-publish","hentry"],"aioseo_notices":[],"jetpack-related-posts":[{"id":3,"url":"https:\/\/vaitempero.com\/?page_id=3","url_meta":{"origin":15,"position":0},"title":"Pol\u00edtica de privacidade","author":"Vai Tempero","date":"13 de fevereiro de 2021","format":false,"excerpt":"Quem somos O endere\u00e7o do nosso site \u00e9: http:\/\/vaitempero.com. Quais dados pessoais coletamos e porque Coment\u00e1rios Quando os visitantes deixam coment\u00e1rios no site, coletamos os dados mostrados no formul\u00e1rio de coment\u00e1rios, al\u00e9m do endere\u00e7o de IP e de dados do navegador do visitante, para auxiliar na detec\u00e7\u00e3o de spam. Uma\u2026","rel":"","context":"Post similar","block_context":{"text":"Post similar","link":""},"img":{"alt_text":"","src":"","width":0,"height":0},"classes":[]}],"jetpack_sharing_enabled":true,"_links":{"self":[{"href":"https:\/\/vaitempero.com\/index.php?rest_route=\/wp\/v2\/pages\/15","targetHints":{"allow":["GET"]}}],"collection":[{"href":"https:\/\/vaitempero.com\/index.php?rest_route=\/wp\/v2\/pages"}],"about":[{"href":"https:\/\/vaitempero.com\/index.php?rest_route=\/wp\/v2\/types\/page"}],"author":[{"embeddable":true,"href":"https:\/\/vaitempero.com\/index.php?rest_route=\/wp\/v2\/users\/1"}],"replies":[{"embeddable":true,"href":"https:\/\/vaitempero.com\/index.php?rest_route=%2Fwp%2Fv2%2Fcomments&post=15"}],"version-history":[{"count":8,"href":"https:\/\/vaitempero.com\/index.php?rest_route=\/wp\/v2\/pages\/15\/revisions"}],"predecessor-version":[{"id":508,"href":"https:\/\/vaitempero.com\/index.php?rest_route=\/wp\/v2\/pages\/15\/revisions\/508"}],"wp:attachment":[{"href":"https:\/\/vaitempero.com\/index.php?rest_route=%2Fwp%2Fv2%2Fmedia&parent=15"}],"curies":[{"name":"wp","href":"https:\/\/api.w.org\/{rel}","templated":true}]}}